{"id":37,"date":"2023-07-22T16:01:16","date_gmt":"2023-07-22T19:01:16","guid":{"rendered":"https:\/\/drmatheussolino.com.br\/?page_id=37"},"modified":"2023-07-22T21:18:29","modified_gmt":"2023-07-23T00:18:29","slug":"consulta","status":"publish","type":"page","link":"https:\/\/drmatheussolino.com.br\/?page_id=37","title":{"rendered":"Consulta"},"content":{"rendered":"\n<p>A consulta m\u00e9dica \u00e9 o momento em que eu conhe\u00e7o a paciente que est\u00e1 diante de mim. Mais  do que saber a queixa que te levou ao consult\u00f3rio, busco conhecer quem \u00e9 o ser humano que est\u00e1 \u00e0 minha frente. Assim, podemos pensar juntos em um plano de mudan\u00e7a que envolve a melhora da queixa e da sa\u00fade em geral.<\/p>\n\n\n\n<p>Mais&#8230; <\/p>\n","protected":false},"excerpt":{"rendered":"<p>A consulta m\u00e9dica \u00e9 o momento em que eu conhe\u00e7o a paciente que est\u00e1 diante de mim. Mais do que saber a queixa que te levou ao consult\u00f3rio, busco conhecer &hellip; <\/p>\n","protected":false},"author":1,"featured_media":0,"parent":0,"menu_order":0,"comment_status":"closed","ping_status":"closed","template":"","meta":[],"_links":{"self":[{"href":"https:\/\/drmatheussolino.com.br\/index.php?rest_route=\/wp\/v2\/pages\/37"}],"collection":[{"href":"https:\/\/drmatheussolino.com.br\/index.php?rest_route=\/wp\/v2\/pages"}],"about":[{"href":"https:\/\/drmatheussolino.com.br\/index.php?rest_route=\/wp\/v2\/types\/page"}],"author":[{"embeddable":true,"href":"https:\/\/drmatheussolino.com.br\/index.php?rest_route=\/wp\/v2\/users\/1"}],"replies":[{"embeddable":true,"href":"https:\/\/drmatheussolino.com.br\/index.php?rest_route=%2Fwp%2Fv2%2Fcomments&post=37"}],"version-history":[{"count":2,"href":"https:\/\/drmatheussolino.com.br\/index.php?rest_route=\/wp\/v2\/pages\/37\/revisions"}],"predecessor-version":[{"id":63,"href":"https:\/\/drmatheussolino.com.br\/index.php?rest_route=\/wp\/v2\/pages\/37\/revisions\/63"}],"wp:attachment":[{"href":"https:\/\/drmatheussolino.com.br\/index.php?rest_route=%2Fwp%2Fv2%2Fmedia&parent=37"}],"curies":[{"name":"wp","href":"https:\/\/api.w.org\/{rel}","templated":true}]}}