{"id":35,"date":"2023-07-22T16:01:16","date_gmt":"2023-07-22T19:01:16","guid":{"rendered":"https:\/\/drmatheussolino.com.br\/?page_id=35"},"modified":"2023-07-22T22:32:33","modified_gmt":"2023-07-23T01:32:33","slug":"quem-sou-eu-2","status":"publish","type":"page","link":"https:\/\/drmatheussolino.com.br\/?page_id=35","title":{"rendered":"Quem sou eu?"},"content":{"rendered":"\n<p>Ol\u00e1, \u00e9 um prazer te receber aqui! Antes de qualquer coisa, quero me apresentar.<\/p>\n\n\n\n<p>Me chamo Matheus, nasci e cresci em S\u00e3o Paulo\/SP. Sempre morei com meus pais e meu irm\u00e3o. Desde cedo, <\/p>\n\n\n\n<p>Sou m\u00e9dico formado pela Universidade Estadual de Campinas (UNICAMP). Fiz duas Resid\u00eancias M\u00e9dicas no Hospital do Servidor P\u00fablico Estadual de S\u00e3o Paulo (IAMSPE): 3 anos de Ginecologia e Obstetr\u00edcia, e depois mais 2 anos de Mastologia. Minha atua\u00e7\u00e3o envolve o cuidado da sa\u00fade da mulher em todas as suas fases para melhorar sua qualidade de vida atrav\u00e9s do conhecimento do seu corpo e dos seus h\u00e1bitos que influenciam diretamente no funcionamento dele, como a alimenta\u00e7\u00e3o, o sono, a atividade f\u00edsica e os relacionamentos. Tenho percebido como nossa sa\u00fade est\u00e1 muito conectada com o restante da nossa vida e, por isso, vemos tantas queixas vagas, diagn\u00f3sticos confusos e tratamentos sem efetividade. Por isso, busco uma pr\u00e1tica que v\u00ea a mulher de maneira integral para poder ajud\u00e1-la a cultivar uma vida saud\u00e1vel.<\/p>\n\n\n\n<p><\/p>\n\n\n\n<p>   <\/p>\n","protected":false},"excerpt":{"rendered":"<p>Ol\u00e1, \u00e9 um prazer te receber aqui! Antes de qualquer coisa, quero me apresentar. Me chamo Matheus, nasci e cresci em S\u00e3o Paulo\/SP. Sempre morei com meus pais e meu &hellip; <\/p>\n","protected":false},"author":1,"featured_media":0,"parent":0,"menu_order":0,"comment_status":"closed","ping_status":"closed","template":"","meta":[],"_links":{"self":[{"href":"https:\/\/drmatheussolino.com.br\/index.php?rest_route=\/wp\/v2\/pages\/35"}],"collection":[{"href":"https:\/\/drmatheussolino.com.br\/index.php?rest_route=\/wp\/v2\/pages"}],"about":[{"href":"https:\/\/drmatheussolino.com.br\/index.php?rest_route=\/wp\/v2\/types\/page"}],"author":[{"embeddable":true,"href":"https:\/\/drmatheussolino.com.br\/index.php?rest_route=\/wp\/v2\/users\/1"}],"replies":[{"embeddable":true,"href":"https:\/\/drmatheussolino.com.br\/index.php?rest_route=%2Fwp%2Fv2%2Fcomments&post=35"}],"version-history":[{"count":3,"href":"https:\/\/drmatheussolino.com.br\/index.php?rest_route=\/wp\/v2\/pages\/35\/revisions"}],"predecessor-version":[{"id":67,"href":"https:\/\/drmatheussolino.com.br\/index.php?rest_route=\/wp\/v2\/pages\/35\/revisions\/67"}],"wp:attachment":[{"href":"https:\/\/drmatheussolino.com.br\/index.php?rest_route=%2Fwp%2Fv2%2Fmedia&parent=35"}],"curies":[{"name":"wp","href":"https:\/\/api.w.org\/{rel}","templated":true}]}}