{"id":20,"date":"2023-07-22T15:35:31","date_gmt":"2023-07-22T18:35:31","guid":{"rendered":"https:\/\/drmatheussolino.com.br\/?page_id=20"},"modified":"2023-07-22T23:17:28","modified_gmt":"2023-07-23T02:17:28","slug":"blog-de-saude","status":"publish","type":"page","link":"https:\/\/drmatheussolino.com.br\/?page_id=20","title":{"rendered":"Blog de Sa\u00fade Integral"},"content":{"rendered":"\n<p>Nesse espa\u00e7o teremos textos sobre h\u00e1bitos que voc\u00ea cultivar em prol da sua sa\u00fade, como alimenta\u00e7\u00e3o, sono, atividade f\u00edsica e relacionamentos saud\u00e1veis. <\/p>\n","protected":false},"excerpt":{"rendered":"<p>Nesse espa\u00e7o teremos textos sobre h\u00e1bitos que voc\u00ea cultivar em prol da sua sa\u00fade, como alimenta\u00e7\u00e3o, sono, atividade f\u00edsica e relacionamentos saud\u00e1veis.<\/p>\n","protected":false},"author":1,"featured_media":0,"parent":0,"menu_order":0,"comment_status":"closed","ping_status":"closed","template":"","meta":[],"_links":{"self":[{"href":"https:\/\/drmatheussolino.com.br\/index.php?rest_route=\/wp\/v2\/pages\/20"}],"collection":[{"href":"https:\/\/drmatheussolino.com.br\/index.php?rest_route=\/wp\/v2\/pages"}],"about":[{"href":"https:\/\/drmatheussolino.com.br\/index.php?rest_route=\/wp\/v2\/types\/page"}],"author":[{"embeddable":true,"href":"https:\/\/drmatheussolino.com.br\/index.php?rest_route=\/wp\/v2\/users\/1"}],"replies":[{"embeddable":true,"href":"https:\/\/drmatheussolino.com.br\/index.php?rest_route=%2Fwp%2Fv2%2Fcomments&post=20"}],"version-history":[{"count":2,"href":"https:\/\/drmatheussolino.com.br\/index.php?rest_route=\/wp\/v2\/pages\/20\/revisions"}],"predecessor-version":[{"id":73,"href":"https:\/\/drmatheussolino.com.br\/index.php?rest_route=\/wp\/v2\/pages\/20\/revisions\/73"}],"wp:attachment":[{"href":"https:\/\/drmatheussolino.com.br\/index.php?rest_route=%2Fwp%2Fv2%2Fmedia&parent=20"}],"curies":[{"name":"wp","href":"https:\/\/api.w.org\/{rel}","templated":true}]}}